{"id":7929,"date":"2021-07-19T10:18:16","date_gmt":"2021-07-19T08:18:16","guid":{"rendered":"https:\/\/fedrigoni.com\/sustainability-policy\/"},"modified":"2024-01-23T17:02:17","modified_gmt":"2024-01-23T16:02:17","slug":"politica-sostenibilidad","status":"publish","type":"page","link":"https:\/\/fedrigoni.com\/es\/politica-sostenibilidad\/","title":{"rendered":"Pol\u00edtica de Sostenibilidad"},"content":{"rendered":"<p>La ambici\u00f3n del Grupo Fedrigoni es continuar con la tradici\u00f3n de crear papeles especiales y materiales autoadhesivos con alto contenido t\u00e9cnico y est\u00e9tico que puedan satisfacer las necesidades de nuestros clientes con miras a la mejora continua y la innovaci\u00f3n.<\/p>\n<p>Las habilidades t\u00e9cnicas, la integridad de nuestro personal y la red de distribuci\u00f3n nos ayudan a garantizar el mejor servicio posible. Los C\u00f3digos de Empleados y Proveedores, as\u00ed como los objetivos ESG 2030, son una gu\u00eda para gestionar de manera responsable los desaf\u00edos econ\u00f3micos, sociales y ambientales, y para garantizar una visi\u00f3n a largo plazo para nuestras operaciones.<\/p>\n<p>C\u00d3MO TRABAJAMOS<\/p>\n<p>Calidad<\/p>\n<p>Garantizamos productos con el mejor rendimiento t\u00e9cnico y est\u00e9tico.<br \/>\nSeleccionamos y medimos cuidadosamente las materias primas seg\u00fan el rendimiento esperado de nuestros productos, calculando su ciclo de vida e impacto ambiental relacionado.<br \/>\nFomentamos las habilidades necesarias para que nuestro personal gestione los sistemas y las recetas de nuestros productos con la m\u00e1xima eficiencia.<br \/>\nSeguridad<\/p>\n<p>Tomamos decisiones gerenciales y organizativas que garanticen equipos, sistemas y sitios seguros.<br \/>\nInvertimos en tecnolog\u00eda de vanguardia y t\u00e9cnicas para evaluar riesgos, comportamientos, quejas y niveles de capacitaci\u00f3n.<br \/>\nLiderando con el ejemplo, promovemos la seguridad en el lugar de trabajo como un elemento constante y estrat\u00e9gico que nos une a todos, independientemente de nuestra diversidad.<br \/>\nMedio Ambiente<\/p>\n<p>Reducimos la captaci\u00f3n de agua dulce y controlamos la calidad y cantidad de aguas residuales.<br \/>\nReducimos y reciclamos todos los residuos que provienen de la producci\u00f3n de papel y materiales autoadhesivos.<br \/>\nMonitoreamos y reducimos constantemente nuestras emisiones (CO2, NOx, ruido, olores, campos electromagn\u00e9ticos).<br \/>\nApoyamos la transici\u00f3n ecol\u00f3gica y el uso de energ\u00eda de fuentes renovables.<br \/>\nCadena de Suministro<\/p>\n<p>Integrarnos factores sociales, \u00e9ticos y ambientales en los procesos de selecci\u00f3n y auditor\u00eda de proveedores.<br \/>\nPedimos a todos los que trabajan con nosotros que respeten el C\u00f3digo de Conducta.<br \/>\nDesarrollamos asociaciones y compartimos planes de mejora y compromiso de pol\u00edticas ESG con nuestros proveedores y contratistas.<br \/>\nPersonas<\/p>\n<p>Apoyamos la estrategia de sostenibilidad en todo nuestro Grupo, inculcando un sentido de responsabilidad en la conducta y pr\u00e1cticas de la empresa.<br \/>\nNos esforzamos por aumentar el n\u00famero de mujeres en puestos directivos.<br \/>\nFomentamos el desarrollo individual de las personas para sacar a relucir su m\u00e1ximo potencial.<br \/>\nComunidad<\/p>\n<p>Dedicamos el tiempo y las habilidades de nuestro personal para promover una cultura de fabricaci\u00f3n de papel italiana y preservar el patrimonio cultural de la experiencia centenaria.<br \/>\nPromovemos eventos relacionados con el dibujo, la impresi\u00f3n y el dise\u00f1o gr\u00e1fico.<br \/>\nRespetamos, cuidamos y mejoramos la biodiversidad cerca de nuestros sitios de producci\u00f3n, cuidando la zona de la misma manera que lo hacemos con nuestra gente y productos.<br \/>\nNUESTRO COMPROMISO<\/p>\n<p>La Pol\u00edtica de Sostenibilidad:<\/p>\n<p>Se aplica a todos los pa\u00edses y sitios, laboratorios, oficinas y sedes de Fedrigoni.<br \/>\nEs v\u00e1lida para empleados, proveedores, contratistas y terceros que trabajan con nosotros.<br \/>\nNos compromete a informar sobre el rendimiento ESG.<br \/>\nSe basa en la Declaraci\u00f3n Universal de Derechos Humanos, las Convenciones de la Organizaci\u00f3n Internacional del Trabajo y los Diez Principios del Pacto Mundial de las Naciones Unidas.<br \/>\nSe traduce y comunica a todos. Nuestro C\u00f3digo de \u00c9tica es el punto de referencia para todos los comportamientos y cualquier desviaci\u00f3n debe informarse a codiceetico@fedrigoni.com.<br \/>\nCONTRIBUCI\u00d3N A LOS OBJETIVOS DE DESARROLLO SOSTENIBLE<\/p>\n<p>Nos adherimos al Pacto Mundial de las Naciones Unidas (UNGC) y contribuimos activamente a 12 de los Objetivos de Desarrollo Sostenible (ODS) de las Naciones Unidas:<\/p>\n<p>ODS 3: Buena salud y bienestar<br \/>\nODS 4: Educaci\u00f3n de calidad<br \/>\nODS 5: Igualdad de g\u00e9nero<br \/>\nODS 6: Agua limpia y saneamiento<br \/>\nODS 7: Energ\u00eda asequible y limpia<br \/>\nODS 8: Trabajo decente y crecimiento econ\u00f3mico<br \/>\nODS 9: Industria, innovaci\u00f3n e infraestructura<br \/>\nODS 11: Ciudades y comunidades sostenibles<br \/>\nODS 12: Producci\u00f3n y consumo responsables<br \/>\nODS 13: Acci\u00f3n por el clima<br \/>\nODS 14: Vida submarina<br \/>\nODS 15: Vida de ecosistemas terrestres<\/p>\n<p><a href=\"https:\/\/fedrigoni.com\/wp-content\/uploads\/2021\/07\/Sustainability_Policy_202107014.pdf\" target=\"_blank\" rel=\"noopener noreferrer\" class=\"block-link link icon icon-after icon-arrow-down inline-block\"><span class=\"link-label icon-label\">Download<\/span><\/a> Fedrigoni&#8217;s Sustainability Policy<\/p>\n","protected":false},"excerpt":{"rendered":"<p>La ambici\u00f3n del Grupo Fedrigoni es continuar con la tradici\u00f3n de crear papeles especiales y materiales autoadhesivos con alto contenido t\u00e9cnico y est\u00e9tico que puedan satisfacer las necesidades de nuestros clientes con miras a la mejora continua y la innovaci\u00f3n. Las habilidades t\u00e9cnicas, la integridad de nuestro personal y la red de distribuci\u00f3n nos ayudan&#8230;<\/p>\n","protected":false},"author":10,"featured_media":0,"parent":0,"menu_order":0,"comment_status":"closed","ping_status":"closed","template":"","meta":{"_acf_changed":false,"footnotes":""},"class_list":["post-7929","page","type-page","status-publish","hentry"],"acf":[],"yoast_head":"<!-- This site is optimized with the Yoast SEO plugin v27.4 - https:\/\/yoast.com\/product\/yoast-seo-wordpress\/ -->\n<title>Pol\u00edtica de Sostenibilidad<\/title>\n<meta name=\"description\" content=\"Los C\u00f3digos de Empleados y Proveedores, as\u00ed como los objetivos ESG 2030, son una gu\u00eda para gestionar de manera responsable los desaf\u00edos econ\u00f3micos, sociales y ambientales.\" \/>\n<meta name=\"robots\" content=\"index, follow, max-snippet:-1, max-image-preview:large, max-video-preview:-1\" \/>\n<link rel=\"canonical\" href=\"https:\/\/fedrigoni.com\/es\/politica-sostenibilidad\/\" \/>\n<meta property=\"og:locale\" content=\"es_ES\" \/>\n<meta property=\"og:type\" content=\"article\" \/>\n<meta property=\"og:title\" content=\"Pol\u00edtica de Sostenibilidad\" \/>\n<meta property=\"og:description\" content=\"Los C\u00f3digos de Empleados y Proveedores, as\u00ed como los objetivos ESG 2030, son una gu\u00eda para gestionar de manera responsable los desaf\u00edos econ\u00f3micos, sociales y ambientales.\" \/>\n<meta property=\"og:url\" content=\"https:\/\/fedrigoni.com\/es\/politica-sostenibilidad\/\" \/>\n<meta property=\"og:site_name\" content=\"Fedrigoni\" \/>\n<meta property=\"article:publisher\" content=\"https:\/\/www.facebook.com\/fondazionefedrigoni\/?locale=it_IT\" \/>\n<meta property=\"article:modified_time\" content=\"2024-01-23T16:02:17+00:00\" \/>\n<meta property=\"og:image\" content=\"https:\/\/fedrigoni.com\/wp-content\/uploads\/2022\/05\/280897722_794004078641298_3125867432223274497_n.jpg\" \/>\n\t<meta property=\"og:image:width\" content=\"1200\" \/>\n\t<meta property=\"og:image:height\" content=\"650\" \/>\n\t<meta property=\"og:image:type\" content=\"image\/jpeg\" \/>\n<meta name=\"twitter:card\" content=\"summary_large_image\" \/>\n<meta name=\"twitter:label1\" content=\"Tiempo de lectura\" \/>\n\t<meta name=\"twitter:data1\" content=\"4 minutos\" \/>\n<script type=\"application\/ld+json\" class=\"yoast-schema-graph\">{\"@context\":\"https:\\\/\\\/schema.org\",\"@graph\":[{\"@type\":[\"WebPage\",\"CollectionPage\"],\"@id\":\"https:\\\/\\\/fedrigoni.com\\\/es\\\/politica-sostenibilidad\\\/\",\"url\":\"https:\\\/\\\/fedrigoni.com\\\/es\\\/politica-sostenibilidad\\\/\",\"name\":\"Pol\u00edtica de Sostenibilidad\",\"isPartOf\":{\"@id\":\"https:\\\/\\\/fedrigoni.com\\\/es\\\/#website\"},\"datePublished\":\"2021-07-19T08:18:16+00:00\",\"dateModified\":\"2024-01-23T16:02:17+00:00\",\"description\":\"Los C\u00f3digos de Empleados y Proveedores, as\u00ed como los objetivos ESG 2030, son una gu\u00eda para gestionar de manera responsable los desaf\u00edos econ\u00f3micos, sociales y ambientales.\",\"breadcrumb\":{\"@id\":\"https:\\\/\\\/fedrigoni.com\\\/es\\\/politica-sostenibilidad\\\/#breadcrumb\"},\"inLanguage\":\"es\"},{\"@type\":\"BreadcrumbList\",\"@id\":\"https:\\\/\\\/fedrigoni.com\\\/es\\\/politica-sostenibilidad\\\/#breadcrumb\",\"itemListElement\":[{\"@type\":\"ListItem\",\"position\":1,\"name\":\"Home\",\"item\":\"https:\\\/\\\/fedrigoni.com\\\/es\\\/\"},{\"@type\":\"ListItem\",\"position\":2,\"name\":\"Pol\u00edtica de Sostenibilidad\"}]},{\"@type\":\"WebSite\",\"@id\":\"https:\\\/\\\/fedrigoni.com\\\/es\\\/#website\",\"url\":\"https:\\\/\\\/fedrigoni.com\\\/es\\\/\",\"name\":\"Fedrigoni\",\"description\":\"Elevating Creativity\",\"publisher\":{\"@id\":\"https:\\\/\\\/fedrigoni.com\\\/es\\\/#organization\"},\"potentialAction\":[{\"@type\":\"SearchAction\",\"target\":{\"@type\":\"EntryPoint\",\"urlTemplate\":\"https:\\\/\\\/fedrigoni.com\\\/es\\\/?s={search_term_string}\"},\"query-input\":{\"@type\":\"PropertyValueSpecification\",\"valueRequired\":true,\"valueName\":\"search_term_string\"}}],\"inLanguage\":\"es\"},{\"@type\":\"Organization\",\"@id\":\"https:\\\/\\\/fedrigoni.com\\\/es\\\/#organization\",\"name\":\"Fedrigoni\",\"url\":\"https:\\\/\\\/fedrigoni.com\\\/es\\\/\",\"logo\":{\"@type\":\"ImageObject\",\"inLanguage\":\"es\",\"@id\":\"https:\\\/\\\/fedrigoni.com\\\/es\\\/#\\\/schema\\\/logo\\\/image\\\/\",\"url\":\"https:\\\/\\\/fedrigoni.com\\\/wp-content\\\/uploads\\\/2025\\\/07\\\/Fedrigoni_Logotype_Black.jpg\",\"contentUrl\":\"https:\\\/\\\/fedrigoni.com\\\/wp-content\\\/uploads\\\/2025\\\/07\\\/Fedrigoni_Logotype_Black.jpg\",\"width\":1001,\"height\":147,\"caption\":\"Fedrigoni\"},\"image\":{\"@id\":\"https:\\\/\\\/fedrigoni.com\\\/es\\\/#\\\/schema\\\/logo\\\/image\\\/\"},\"sameAs\":[\"https:\\\/\\\/www.facebook.com\\\/fondazionefedrigoni\\\/?locale=it_IT\"]}]}<\/script>\n<!-- \/ Yoast SEO plugin. -->","yoast_head_json":{"title":"Pol\u00edtica de Sostenibilidad","description":"Los C\u00f3digos de Empleados y Proveedores, as\u00ed como los objetivos ESG 2030, son una gu\u00eda para gestionar de manera responsable los desaf\u00edos econ\u00f3micos, sociales y ambientales.","robots":{"index":"index","follow":"follow","max-snippet":"max-snippet:-1","max-image-preview":"max-image-preview:large","max-video-preview":"max-video-preview:-1"},"canonical":"https:\/\/fedrigoni.com\/es\/politica-sostenibilidad\/","og_locale":"es_ES","og_type":"article","og_title":"Pol\u00edtica de Sostenibilidad","og_description":"Los C\u00f3digos de Empleados y Proveedores, as\u00ed como los objetivos ESG 2030, son una gu\u00eda para gestionar de manera responsable los desaf\u00edos econ\u00f3micos, sociales y ambientales.","og_url":"https:\/\/fedrigoni.com\/es\/politica-sostenibilidad\/","og_site_name":"Fedrigoni","article_publisher":"https:\/\/www.facebook.com\/fondazionefedrigoni\/?locale=it_IT","article_modified_time":"2024-01-23T16:02:17+00:00","og_image":[{"width":1200,"height":650,"url":"https:\/\/fedrigoni.com\/wp-content\/uploads\/2022\/05\/280897722_794004078641298_3125867432223274497_n.jpg","type":"image\/jpeg"}],"twitter_card":"summary_large_image","twitter_misc":{"Tiempo de lectura":"4 minutos"},"schema":{"@context":"https:\/\/schema.org","@graph":[{"@type":["WebPage","CollectionPage"],"@id":"https:\/\/fedrigoni.com\/es\/politica-sostenibilidad\/","url":"https:\/\/fedrigoni.com\/es\/politica-sostenibilidad\/","name":"Pol\u00edtica de Sostenibilidad","isPartOf":{"@id":"https:\/\/fedrigoni.com\/es\/#website"},"datePublished":"2021-07-19T08:18:16+00:00","dateModified":"2024-01-23T16:02:17+00:00","description":"Los C\u00f3digos de Empleados y Proveedores, as\u00ed como los objetivos ESG 2030, son una gu\u00eda para gestionar de manera responsable los desaf\u00edos econ\u00f3micos, sociales y ambientales.","breadcrumb":{"@id":"https:\/\/fedrigoni.com\/es\/politica-sostenibilidad\/#breadcrumb"},"inLanguage":"es"},{"@type":"BreadcrumbList","@id":"https:\/\/fedrigoni.com\/es\/politica-sostenibilidad\/#breadcrumb","itemListElement":[{"@type":"ListItem","position":1,"name":"Home","item":"https:\/\/fedrigoni.com\/es\/"},{"@type":"ListItem","position":2,"name":"Pol\u00edtica de Sostenibilidad"}]},{"@type":"WebSite","@id":"https:\/\/fedrigoni.com\/es\/#website","url":"https:\/\/fedrigoni.com\/es\/","name":"Fedrigoni","description":"Elevating Creativity","publisher":{"@id":"https:\/\/fedrigoni.com\/es\/#organization"},"potentialAction":[{"@type":"SearchAction","target":{"@type":"EntryPoint","urlTemplate":"https:\/\/fedrigoni.com\/es\/?s={search_term_string}"},"query-input":{"@type":"PropertyValueSpecification","valueRequired":true,"valueName":"search_term_string"}}],"inLanguage":"es"},{"@type":"Organization","@id":"https:\/\/fedrigoni.com\/es\/#organization","name":"Fedrigoni","url":"https:\/\/fedrigoni.com\/es\/","logo":{"@type":"ImageObject","inLanguage":"es","@id":"https:\/\/fedrigoni.com\/es\/#\/schema\/logo\/image\/","url":"https:\/\/fedrigoni.com\/wp-content\/uploads\/2025\/07\/Fedrigoni_Logotype_Black.jpg","contentUrl":"https:\/\/fedrigoni.com\/wp-content\/uploads\/2025\/07\/Fedrigoni_Logotype_Black.jpg","width":1001,"height":147,"caption":"Fedrigoni"},"image":{"@id":"https:\/\/fedrigoni.com\/es\/#\/schema\/logo\/image\/"},"sameAs":["https:\/\/www.facebook.com\/fondazionefedrigoni\/?locale=it_IT"]}]}},"_links":{"self":[{"href":"https:\/\/fedrigoni.com\/es\/wp-json\/wp\/v2\/pages\/7929","targetHints":{"allow":["GET"]}}],"collection":[{"href":"https:\/\/fedrigoni.com\/es\/wp-json\/wp\/v2\/pages"}],"about":[{"href":"https:\/\/fedrigoni.com\/es\/wp-json\/wp\/v2\/types\/page"}],"author":[{"embeddable":true,"href":"https:\/\/fedrigoni.com\/es\/wp-json\/wp\/v2\/users\/10"}],"replies":[{"embeddable":true,"href":"https:\/\/fedrigoni.com\/es\/wp-json\/wp\/v2\/comments?post=7929"}],"version-history":[{"count":0,"href":"https:\/\/fedrigoni.com\/es\/wp-json\/wp\/v2\/pages\/7929\/revisions"}],"wp:attachment":[{"href":"https:\/\/fedrigoni.com\/es\/wp-json\/wp\/v2\/media?parent=7929"}],"curies":[{"name":"wp","href":"https:\/\/api.w.org\/{rel}","templated":true}]}}