{"id":7910,"date":"2021-02-15T10:42:39","date_gmt":"2021-02-15T09:42:39","guid":{"rendered":"https:\/\/fedrigoni.com\/privacy-policy\/"},"modified":"2025-10-01T12:04:00","modified_gmt":"2025-10-01T10:04:00","slug":"privacy-policy","status":"publish","type":"page","link":"https:\/\/fedrigoni.com\/es\/privacy-policy\/","title":{"rendered":"Privacy policy"},"content":{"rendered":"<h4>AVISO DE PRIVACIDAD DE CONFORMIDAD CON EL ART\u00cdCULO 13 DEL REGLAMENTO DE LA UE 2016\/679 &#8211; USUARIO DE PORTALES WEB<\/h4>\n<p>&nbsp;<\/p>\n<p><strong>1. El responsable del tratamiento de datos<\/strong><\/p>\n<p>El Responsable del Tratamiento de Datos es Fedrigoni S.p.A., con sede legal en Via Enrico Fermi 13\/F, 37135, Verona (VR), Italia. Para ejercer sus derechos proporcionados en la regulaci\u00f3n vigente, enumerados en \u00ab5. Derechos del Interesado\u00bb, y para cualquier otra solicitud relacionada con asuntos de privacidad, puede ponerse en contacto con el Responsable del Tratamiento de Datos escribiendo a: <a href=\"mailto:privacy@fedrigoni.com\">privacy@fedrigoni.com<\/a>.<\/p>\n<p><strong>2. Tipos de tratamientos procesados<\/strong><\/p>\n<p><strong>a) Tipos de tratamientos procesados<\/strong><\/p>\n<p>\u2022 <strong>Prop\u00f3sito:<\/strong> el portal web permite el registro de usuarios, quienes pueden crear su propia \u00e1rea reservada y acceder a informaci\u00f3n confidencial y exclusiva dentro de la plataforma.<br \/>\n\u2022 <strong>Base legal:<\/strong> el proceso de registro se lleva a cabo basado en el consentimiento del interesado.<br \/>\n\u2022 <strong>Retenci\u00f3n de datos:<\/strong> los datos se conservan durante el tiempo necesario para la gesti\u00f3n del servicio de registro en el portal disponible para el usuario.<br \/>\nAl completar el proceso de registro, el usuario queda registrado en los sistemas de la empresa y tiene la opci\u00f3n de solicitar en cualquier momento la desactivaci\u00f3n de su cuenta a trav\u00e9s de los canales de comunicaci\u00f3n indicados en el punto 1.<\/p>\n<p><strong>b) Gesti\u00f3n de comunicaciones de usuarios<\/strong><\/p>\n<p>\u2022 <strong>Prop\u00f3sito: <\/strong>El env\u00edo voluntario de mensajes a las direcciones de contacto en este sitio web y el completado de los \u00abformularios\u00bb, conducen a la adquisici\u00f3n de los detalles de contacto de<strong>l remitente, as\u00ed como de todos los datos personales contenidos en las comunicaciones, los cuales son necesarios para cumplir con solicitudes espec\u00edficas enviadas al Responsable del Tratamiento de Datos. Los datos se procesan para la gesti\u00f3n de la comunicaci\u00f3n, basada en la necesidad de proporcionar el servicio de comunicaci\u00f3n disponible para el usuario.<br \/>\n\u2022 <strong>Base legal:<\/strong> La actividad de procesamiento se lleva a cabo basada en el consentimiento de la persona que env\u00eda la comunicaci\u00f3n.<br \/>\n\u2022 <strong>Almacenamiento de datos:<\/strong> Los datos del usuario son registrados por el Responsable del Tratamiento de Datos y almacenados durante el tiempo necesario para la gesti\u00f3n de la comunicaci\u00f3n, para gestionar la relaci\u00f3n comercial con el usuario, sujeto a su consentimiento, revocable en cualquier momento con una solicitud a trav\u00e9s de los canales de comunicaci\u00f3n indicados en el punto 1.<\/strong><\/p>\n<p><strong>c) Newsletters<\/strong><\/p>\n<p>\u2022 <strong>Prop\u00f3sito:<\/strong> al registrarse en el portal y\/o enviar comunicaciones a trav\u00e9s de los \u00abformularios\u00bb en la plataforma, el usuario puede suscribirse a servicios de boletines informativos sobre actualizaciones y promociones relacionadas con la oferta de productos y servicios.<br \/>\n\u2022 Base legal: los datos se procesan en base al consentimiento proporcionado por el usuario, de acuerdo con el Art\u00edculo 6, p\u00e1rrafo 1, letra a) del GDPR.<br \/>\n\u2022 <strong>Retenci\u00f3n de datos:<\/strong> los datos personales se conservan durante el tiempo necesario para gestionar el servicio de Bolet\u00edn informativo disponible para el usuario, quien puede decidir en cualquier momento dejar de recibir boletines revocando el consentimiento otorgado, a trav\u00e9s de la funcionalidad espec\u00edfica presente en cada comunicaci\u00f3n recibida, o haciendo una solicitud a trav\u00e9s de los canales de comunicaci\u00f3n indicados en el punto 1.<\/p>\n<p><strong>d) Gesti\u00f3n de aplicaciones<\/strong><\/p>\n<p>A trav\u00e9s del portal es posible acceder al \u00e1rea de \u00abcarrera profesional\u00bb para consultar puestos de trabajo y gestionar aplicaciones. Para esta actividad de procesamiento, por favor consulte la pol\u00edtica para candidatos, la cual se puede encontrar en la secci\u00f3n dedicada.<\/p>\n<p><strong>e) Gesti\u00f3n de datos de navegaci\u00f3n<\/strong><\/p>\n<p>\u2022 <strong>Prop\u00f3sito:<\/strong> Las herramientas utilizadas para garantizar el funcionamiento y la seguridad del portal pueden procesar, en el curso de su funcionamiento normal, cierta informaci\u00f3n que no se recopila para asociarla con las personas afectadas, pero que, como resultado del procesamiento, podr\u00eda permitir identificar a los usuarios (por ejemplo, direcciones IP, nombres de dominio de computadoras, etc.). Esta informaci\u00f3n se recopila para garantizar la seguridad y el correcto funcionamiento del portal.<br \/>\n\u2022 <strong>Base legal:<\/strong> Los datos se procesan en virtud del inter\u00e9s leg\u00edtimo del Responsable del Tratamiento de Datos, de acuerdo con el Art\u00edculo 6, p\u00e1rrafo 1, letra f) del GDPR.<br \/>\n\u2022 <strong>Retenci\u00f3n de datos:<\/strong> Los datos se conservan durante el tiempo estrictamente necesario para cumplir con los prop\u00f3sitos declarados.<\/p>\n<p><strong>f) Contactos comerciales<\/strong><\/p>\n<p>\u2022 <strong>Prop\u00f3sito:<\/strong> La informaci\u00f3n de contacto que proporciona se conserva y procesa para la gesti\u00f3n de su relaci\u00f3n comercial, como punto de contacto como cliente\/prospecto.<br \/>\n\u2022 <strong>Base legal:<\/strong> La actividad de gesti\u00f3n de su informaci\u00f3n de contacto se lleva a cabo en virtud de un contrato existente entre las partes o debido a un inter\u00e9s comercial que posiblemente conduzca al establecimiento futuro de acuerdos contractuales. En cualquier momento, puede solicitar la eliminaci\u00f3n de su informaci\u00f3n de contacto haciendo una solicitud a trav\u00e9s de los canales de comunicaci\u00f3n indicados en el punto 1.<br \/>\n\u2022 <strong>Retenci\u00f3n de datos:<\/strong> Los datos se conservar\u00e1n durante 36 meses a partir del \u00faltimo contacto profesional realizado; si se define un acuerdo contractual, los datos se conservar\u00e1n hasta la terminaci\u00f3n de los efectos legales que surjan del mismo.<\/p>\n<p><strong>g) Comunicaciones comerciales B2B<\/strong><\/p>\n<p>\u2022 <strong>Prop\u00f3sito:<\/strong> La informaci\u00f3n de contacto que proporciona en el contexto de establecer\/mantener una relaci\u00f3n profesional\/comercial se almacenan y procesan para enviar comunicaciones promocionales y actualizaciones, as\u00ed como para enviar cuestionarios de satisfacci\u00f3n para recopilar comentarios y sugerencias para mejorar.<br \/>\n\u2022 <strong>Base legal:<\/strong> La actividad de procesamiento se lleva a cabo en virtud del inter\u00e9s leg\u00edtimo del Responsable del Tratamiento de Datos en mantener y mejorar los contactos profesionales con sus contrapartes comerciales actuales o potenciales.<br \/>\n\u2022 <strong>Retenci\u00f3n de datos:<\/strong> Los datos se procesar\u00e1n para el env\u00edo de comunicaciones durante 36 meses a partir del \u00faltimo contacto profesional realizado. En cualquier momento, puede solicitar no recibir dichas comunicaciones seleccionando el enlace en el Correo de Bienvenida o haciendo una solicitud a trav\u00e9s de los canales de comunicaci\u00f3n indicados en el punto 1.<\/p>\n<p><strong>h) Registro y comunicaciones sobre eventos (por ejemplo, Premios Fedrigoni Top)<\/strong><\/p>\n<p><strong>\u2022 Prop\u00f3sito: <\/strong>la informaci\u00f3n de contacto que proporciona como parte de su registro para los eventos (por ejemplo, Premios Fedrigoni Top) se almacena y procesa para la gesti\u00f3n del registro, participaci\u00f3n y posteriormente para enviar comunicaciones de actualizaci\u00f3n (por ejemplo, nominados a premios, ediciones posteriores, etc.).<br \/>\n<strong>\u2022 Base legal:<\/strong> la actividad de procesamiento se lleva a cabo en virtud del inter\u00e9s leg\u00edtimo del Responsable de los Datos para gestionar el proceso de participaci\u00f3n de los miembros y mantener actualizados a los participantes sobre la evoluci\u00f3n del evento.<br \/>\n<strong>\u2022 Retenci\u00f3n de datos:<\/strong> los datos se mantienen durante el tiempo necesario para gestionar la participaci\u00f3n en el evento y, posteriormente, para enviar las comunicaciones mencionadas anteriormente. El usuario puede solicitar en cualquier momento dejar de recibir los boletines a trav\u00e9s de la funcionalidad espec\u00edfica presente en cada comunicaci\u00f3n recibida, o realizando una solicitud a trav\u00e9s de los canales de comunicaci\u00f3n indicados en el punto 1.<\/p>\n<p><strong>i) Gesti\u00f3n de cookies<\/strong><br \/>\nEl portal hace uso de cookies a trav\u00e9s de las cuales los datos personales del usuario pueden ser procesados. Para tal procesamiento, le invitamos a consultar la Pol\u00edtica de Cookies.<\/p>\n<p><strong>3. M\u00e9todos de procesamiento<\/strong><\/p>\n<p>Sus datos personales ser\u00e1n procesados de acuerdo con las disposiciones establecidas por la legislaci\u00f3n vigente en materia de protecci\u00f3n de datos personales, utilizando medios anal\u00f3gicos y digitales y empleando m\u00e9todos y medios adecuados para garantizar la seguridad y confidencialidad de los mismos, de conformidad con lo dispuesto en el Art\u00edculo 32 del GDPR.<\/p>\n<p><strong>4. Partes a quienes o a las cuales se pueden comunicar sus datos personales<\/strong><\/p>\n<p>Para la consecuci\u00f3n de los prop\u00f3sitos descritos anteriormente, sus datos personales pueden llegar a ser conocidos por empleados, colaboradores y agentes comerciales del Responsable del Tratamiento, quienes actuar\u00e1n como partes autorizadas para realizar el tratamiento y\/o Encargados del Tratamiento.<br \/>\nAdem\u00e1s, es posible que el Responsable del Tratamiento necesite comunicar sus datos personales a terceros pertenecientes, por ejemplo, a las siguientes categor\u00edas:<\/p>\n<p>\u2022 empresas pertenecientes al Grupo Fedrigoni;<br \/>\n\u2022 partes que brindan servicios para la gesti\u00f3n de servicios de TIC (por ejemplo, gesti\u00f3n de sitios web), servicios de comunicaci\u00f3n (por ejemplo, gesti\u00f3n de listas de correo) y gesti\u00f3n de aplicaciones.<\/p>\n<p>El Responsable del Tratamiento puede transferir sus datos personales fuera del Espacio Econ\u00f3mico Europeo, garantizando una de las siguientes condiciones: ya sea que se trate de un tercer pa\u00eds considerado adecuado seg\u00fan el Art\u00edculo 45 del GDPR o un pa\u00eds para el cual el Responsable del Tratamiento proporcione garant\u00edas adecuadas sobre protecci\u00f3n de datos de acuerdo con los Art\u00edculos 46 y 47 del GDPR, y asegurando que los interesados tengan derechos exigibles y recursos efectivos.<\/p>\n<p><strong>5. Derechos del interesado<\/strong><\/p>\n<p>El Responsable del Tratamiento presta especial atenci\u00f3n a la protecci\u00f3n de sus datos e informa que, bajo las condiciones establecidas en la legislaci\u00f3n vigente, puede ejercer los siguientes derechos:<\/p>\n<p>\u2022 <strong>Derecho de acceso<\/strong> &#8211; el derecho a obtener del Responsable del Tratamiento la confirmaci\u00f3n de si se est\u00e1n tratando o no datos personales que le conciernen, y, en tal caso, acceder a los datos personales;<br \/>\n\u2022 <strong>Derecho de rectificaci\u00f3n<\/strong> &#8211; el derecho a obtener del Responsable del Tratamiento, sin demora indebida, la rectificaci\u00f3n de los datos personales inexactos que le conciernan y a que se completen los datos personales incompletos;<br \/>\n\u2022 <strong>Derecho de supresi\u00f3n (\u00abderecho al olvido\u00bb)<\/strong> &#8211; el derecho a obtener del Responsable del Tratamiento la supresi\u00f3n de los datos personales que le conciernan, sin demora indebida;<br \/>\n\u2022 <strong>Derecho a la limitaci\u00f3n del tratamiento<\/strong> &#8211; cuando proceda, el derecho a obtener del Responsable del Tratamiento la limitaci\u00f3n del tratamiento, cuando se cumplan los requisitos legales;<br \/>\n\u2022 <strong>Derecho a la portabilidad de los datos<\/strong> &#8211; el derecho a recibir los datos personales que le incumban, que haya facilitado a un Responsable del Tratamiento, en un formato estructurado, de uso com\u00fan y lectura mec\u00e1nica, y a transmitirlos a otro Responsable del Tratamiento sin impedimentos;<br \/>\n\u2022 <strong>Derecho de oposici\u00f3n <\/strong>&#8211; el derecho a oponerse, en cualquier momento, al tratamiento de los datos personales que le conciernan en los casos establecidos por la legislaci\u00f3n;<br \/>\n\u2022 <strong>Retirada del consentimiento<\/strong> &#8211; derecho a solicitar la revocaci\u00f3n del consentimiento otorgado en cualquier momento, sin que ello afecte a la licitud del tratamiento basado en el consentimiento previo a su retirada.<\/p>\n<p>Los derechos mencionados anteriormente pueden ejercerse ante el Responsable del Tratamiento utilizando los contactos indicados anteriormente en el punto 1.<br \/>\nPara informarse sobre sus derechos, presentar una queja y mantenerse al d\u00eda sobre la legislaci\u00f3n en materia de protecci\u00f3n de datos personales, puede ponerse en contacto con la Autoridad de Protecci\u00f3n de Datos visitando el sitio web en [inserte el enlace del sitio web].<a href=\"http:\/\/www.garanteprivacy.it\/\" target=\"_blank\" rel=\"noopener\">http:\/\/www.garanteprivacy.it\/<\/a>.<\/p>\n","protected":false},"excerpt":{"rendered":"<p>AVISO DE PRIVACIDAD DE CONFORMIDAD CON EL ART\u00cdCULO 13 DEL REGLAMENTO DE LA UE 2016\/679 &#8211; USUARIO DE PORTALES WEB &nbsp; 1. El responsable del tratamiento de datos El Responsable del Tratamiento de Datos es Fedrigoni S.p.A., con sede legal en Via Enrico Fermi 13\/F, 37135, Verona (VR), Italia. Para ejercer sus derechos proporcionados en&#8230;<\/p>\n","protected":false},"author":10,"featured_media":0,"parent":0,"menu_order":0,"comment_status":"closed","ping_status":"closed","template":"","meta":{"_acf_changed":false,"footnotes":""},"class_list":["post-7910","page","type-page","status-publish","hentry"],"acf":[],"yoast_head":"<!-- This site is optimized with the Yoast SEO plugin v27.5 - https:\/\/yoast.com\/product\/yoast-seo-wordpress\/ -->\n<title>Privacy Policy - ES | Fedrigoni<\/title>\n<meta name=\"description\" content=\"El Responsable del Tratamiento es Fedrigoni S.p.A., con sede legal en Via Enrico Fermi 13\/F, 37135, Verona (VR), Italia.\" \/>\n<meta name=\"robots\" content=\"index, follow, max-snippet:-1, max-image-preview:large, max-video-preview:-1\" \/>\n<link rel=\"canonical\" href=\"https:\/\/fedrigoni.com\/es\/privacy-policy\/\" \/>\n<meta property=\"og:locale\" content=\"es_ES\" \/>\n<meta property=\"og:type\" content=\"article\" \/>\n<meta property=\"og:title\" content=\"Privacy Policy - ES | Fedrigoni\" \/>\n<meta property=\"og:description\" content=\"El Responsable del Tratamiento es Fedrigoni S.p.A., con sede legal en Via Enrico Fermi 13\/F, 37135, Verona (VR), Italia.\" \/>\n<meta property=\"og:url\" content=\"https:\/\/fedrigoni.com\/es\/privacy-policy\/\" \/>\n<meta property=\"og:site_name\" content=\"Fedrigoni\" \/>\n<meta property=\"article:publisher\" content=\"https:\/\/www.facebook.com\/fondazionefedrigoni\/?locale=it_IT\" \/>\n<meta property=\"article:modified_time\" content=\"2025-10-01T10:04:00+00:00\" \/>\n<meta property=\"og:image\" content=\"https:\/\/fedrigoni.com\/wp-content\/uploads\/2022\/05\/280897722_794004078641298_3125867432223274497_n.jpg\" \/>\n\t<meta property=\"og:image:width\" content=\"1200\" \/>\n\t<meta property=\"og:image:height\" content=\"650\" \/>\n\t<meta property=\"og:image:type\" content=\"image\/jpeg\" \/>\n<meta name=\"twitter:card\" content=\"summary_large_image\" \/>\n<meta name=\"twitter:label1\" content=\"Tiempo de lectura\" \/>\n\t<meta name=\"twitter:data1\" content=\"10 minutos\" \/>\n<script type=\"application\/ld+json\" class=\"yoast-schema-graph\">{\"@context\":\"https:\\\/\\\/schema.org\",\"@graph\":[{\"@type\":[\"WebPage\",\"CollectionPage\"],\"@id\":\"https:\\\/\\\/fedrigoni.com\\\/es\\\/privacy-policy\\\/\",\"url\":\"https:\\\/\\\/fedrigoni.com\\\/es\\\/privacy-policy\\\/\",\"name\":\"Privacy Policy - ES | Fedrigoni\",\"isPartOf\":{\"@id\":\"https:\\\/\\\/fedrigoni.com\\\/es\\\/#website\"},\"datePublished\":\"2021-02-15T09:42:39+00:00\",\"dateModified\":\"2025-10-01T10:04:00+00:00\",\"description\":\"El Responsable del Tratamiento es Fedrigoni S.p.A., con sede legal en Via Enrico Fermi 13\\\/F, 37135, Verona (VR), Italia.\",\"breadcrumb\":{\"@id\":\"https:\\\/\\\/fedrigoni.com\\\/es\\\/privacy-policy\\\/#breadcrumb\"},\"inLanguage\":\"es\"},{\"@type\":\"BreadcrumbList\",\"@id\":\"https:\\\/\\\/fedrigoni.com\\\/es\\\/privacy-policy\\\/#breadcrumb\",\"itemListElement\":[{\"@type\":\"ListItem\",\"position\":1,\"name\":\"Home\",\"item\":\"https:\\\/\\\/fedrigoni.com\\\/es\\\/\"},{\"@type\":\"ListItem\",\"position\":2,\"name\":\"Privacy policy\"}]},{\"@type\":\"WebSite\",\"@id\":\"https:\\\/\\\/fedrigoni.com\\\/es\\\/#website\",\"url\":\"https:\\\/\\\/fedrigoni.com\\\/es\\\/\",\"name\":\"Fedrigoni\",\"description\":\"Elevating Creativity\",\"publisher\":{\"@id\":\"https:\\\/\\\/fedrigoni.com\\\/es\\\/#organization\"},\"potentialAction\":[{\"@type\":\"SearchAction\",\"target\":{\"@type\":\"EntryPoint\",\"urlTemplate\":\"https:\\\/\\\/fedrigoni.com\\\/es\\\/?s={search_term_string}\"},\"query-input\":{\"@type\":\"PropertyValueSpecification\",\"valueRequired\":true,\"valueName\":\"search_term_string\"}}],\"inLanguage\":\"es\"},{\"@type\":\"Organization\",\"@id\":\"https:\\\/\\\/fedrigoni.com\\\/es\\\/#organization\",\"name\":\"Fedrigoni\",\"url\":\"https:\\\/\\\/fedrigoni.com\\\/es\\\/\",\"logo\":{\"@type\":\"ImageObject\",\"inLanguage\":\"es\",\"@id\":\"https:\\\/\\\/fedrigoni.com\\\/es\\\/#\\\/schema\\\/logo\\\/image\\\/\",\"url\":\"https:\\\/\\\/fedrigoni.com\\\/wp-content\\\/uploads\\\/2025\\\/07\\\/Fedrigoni_Logotype_Black.jpg\",\"contentUrl\":\"https:\\\/\\\/fedrigoni.com\\\/wp-content\\\/uploads\\\/2025\\\/07\\\/Fedrigoni_Logotype_Black.jpg\",\"width\":1001,\"height\":147,\"caption\":\"Fedrigoni\"},\"image\":{\"@id\":\"https:\\\/\\\/fedrigoni.com\\\/es\\\/#\\\/schema\\\/logo\\\/image\\\/\"},\"sameAs\":[\"https:\\\/\\\/www.facebook.com\\\/fondazionefedrigoni\\\/?locale=it_IT\"]}]}<\/script>\n<!-- \/ Yoast SEO plugin. -->","yoast_head_json":{"title":"Privacy Policy - ES | Fedrigoni","description":"El Responsable del Tratamiento es Fedrigoni S.p.A., con sede legal en Via Enrico Fermi 13\/F, 37135, Verona (VR), Italia.","robots":{"index":"index","follow":"follow","max-snippet":"max-snippet:-1","max-image-preview":"max-image-preview:large","max-video-preview":"max-video-preview:-1"},"canonical":"https:\/\/fedrigoni.com\/es\/privacy-policy\/","og_locale":"es_ES","og_type":"article","og_title":"Privacy Policy - ES | Fedrigoni","og_description":"El Responsable del Tratamiento es Fedrigoni S.p.A., con sede legal en Via Enrico Fermi 13\/F, 37135, Verona (VR), Italia.","og_url":"https:\/\/fedrigoni.com\/es\/privacy-policy\/","og_site_name":"Fedrigoni","article_publisher":"https:\/\/www.facebook.com\/fondazionefedrigoni\/?locale=it_IT","article_modified_time":"2025-10-01T10:04:00+00:00","og_image":[{"width":1200,"height":650,"url":"https:\/\/fedrigoni.com\/wp-content\/uploads\/2022\/05\/280897722_794004078641298_3125867432223274497_n.jpg","type":"image\/jpeg"}],"twitter_card":"summary_large_image","twitter_misc":{"Tiempo de lectura":"10 minutos"},"schema":{"@context":"https:\/\/schema.org","@graph":[{"@type":["WebPage","CollectionPage"],"@id":"https:\/\/fedrigoni.com\/es\/privacy-policy\/","url":"https:\/\/fedrigoni.com\/es\/privacy-policy\/","name":"Privacy Policy - ES | Fedrigoni","isPartOf":{"@id":"https:\/\/fedrigoni.com\/es\/#website"},"datePublished":"2021-02-15T09:42:39+00:00","dateModified":"2025-10-01T10:04:00+00:00","description":"El Responsable del Tratamiento es Fedrigoni S.p.A., con sede legal en Via Enrico Fermi 13\/F, 37135, Verona (VR), Italia.","breadcrumb":{"@id":"https:\/\/fedrigoni.com\/es\/privacy-policy\/#breadcrumb"},"inLanguage":"es"},{"@type":"BreadcrumbList","@id":"https:\/\/fedrigoni.com\/es\/privacy-policy\/#breadcrumb","itemListElement":[{"@type":"ListItem","position":1,"name":"Home","item":"https:\/\/fedrigoni.com\/es\/"},{"@type":"ListItem","position":2,"name":"Privacy policy"}]},{"@type":"WebSite","@id":"https:\/\/fedrigoni.com\/es\/#website","url":"https:\/\/fedrigoni.com\/es\/","name":"Fedrigoni","description":"Elevating Creativity","publisher":{"@id":"https:\/\/fedrigoni.com\/es\/#organization"},"potentialAction":[{"@type":"SearchAction","target":{"@type":"EntryPoint","urlTemplate":"https:\/\/fedrigoni.com\/es\/?s={search_term_string}"},"query-input":{"@type":"PropertyValueSpecification","valueRequired":true,"valueName":"search_term_string"}}],"inLanguage":"es"},{"@type":"Organization","@id":"https:\/\/fedrigoni.com\/es\/#organization","name":"Fedrigoni","url":"https:\/\/fedrigoni.com\/es\/","logo":{"@type":"ImageObject","inLanguage":"es","@id":"https:\/\/fedrigoni.com\/es\/#\/schema\/logo\/image\/","url":"https:\/\/fedrigoni.com\/wp-content\/uploads\/2025\/07\/Fedrigoni_Logotype_Black.jpg","contentUrl":"https:\/\/fedrigoni.com\/wp-content\/uploads\/2025\/07\/Fedrigoni_Logotype_Black.jpg","width":1001,"height":147,"caption":"Fedrigoni"},"image":{"@id":"https:\/\/fedrigoni.com\/es\/#\/schema\/logo\/image\/"},"sameAs":["https:\/\/www.facebook.com\/fondazionefedrigoni\/?locale=it_IT"]}]}},"_links":{"self":[{"href":"https:\/\/fedrigoni.com\/es\/wp-json\/wp\/v2\/pages\/7910","targetHints":{"allow":["GET"]}}],"collection":[{"href":"https:\/\/fedrigoni.com\/es\/wp-json\/wp\/v2\/pages"}],"about":[{"href":"https:\/\/fedrigoni.com\/es\/wp-json\/wp\/v2\/types\/page"}],"author":[{"embeddable":true,"href":"https:\/\/fedrigoni.com\/es\/wp-json\/wp\/v2\/users\/10"}],"replies":[{"embeddable":true,"href":"https:\/\/fedrigoni.com\/es\/wp-json\/wp\/v2\/comments?post=7910"}],"version-history":[{"count":0,"href":"https:\/\/fedrigoni.com\/es\/wp-json\/wp\/v2\/pages\/7910\/revisions"}],"wp:attachment":[{"href":"https:\/\/fedrigoni.com\/es\/wp-json\/wp\/v2\/media?parent=7910"}],"curies":[{"name":"wp","href":"https:\/\/api.w.org\/{rel}","templated":true}]}}